{"id":7410,"date":"2022-01-11T15:44:29","date_gmt":"2022-01-11T12:44:29","guid":{"rendered":"http:\/\/emreerdemoglu.com\/?post_type=product&#038;p=7410"},"modified":"2024-02-12T14:38:56","modified_gmt":"2024-02-12T11:38:56","slug":"siyah-citcit-dugmeli-gomlek","status":"publish","type":"product","link":"http:\/\/emreerdemoglu.com\/index.php\/product\/siyah-citcit-dugmeli-gomlek\/","title":{"rendered":"Siyah \u00c7\u0131t\u00e7\u0131t D\u00fc\u011fmeli G\u00f6mlek"},"content":{"rendered":"<ul>\n<li>Renk: Siyah<\/li>\n<li>%100 Bambu<\/li>\n<\/ul>\n","protected":false},"excerpt":{"rendered":"<ul>\n<li>Renk: Siyah<\/li>\n<li>%100 Bambu<\/li>\n<\/ul>\n","protected":false},"featured_media":7409,"comment_status":"open","ping_status":"closed","template":"","meta":[],"product_cat":[210,294],"product_tag":[],"_links":{"self":[{"href":"http:\/\/emreerdemoglu.com\/index.php\/wp-json\/wp\/v2\/product\/7410"}],"collection":[{"href":"http:\/\/emreerdemoglu.com\/index.php\/wp-json\/wp\/v2\/product"}],"about":[{"href":"http:\/\/emreerdemoglu.com\/index.php\/wp-json\/wp\/v2\/types\/product"}],"replies":[{"embeddable":true,"href":"http:\/\/emreerdemoglu.com\/index.php\/wp-json\/wp\/v2\/comments?post=7410"}],"wp:featuredmedia":[{"embeddable":true,"href":"http:\/\/emreerdemoglu.com\/index.php\/wp-json\/wp\/v2\/media\/7409"}],"wp:attachment":[{"href":"http:\/\/emreerdemoglu.com\/index.php\/wp-json\/wp\/v2\/media?parent=7410"}],"wp:term":[{"taxonomy":"product_cat","embeddable":true,"href":"http:\/\/emreerdemoglu.com\/index.php\/wp-json\/wp\/v2\/product_cat?post=7410"},{"taxonomy":"product_tag","embeddable":true,"href":"http:\/\/emreerdemoglu.com\/index.php\/wp-json\/wp\/v2\/product_tag?post=7410"}],"curies":[{"name":"wp","href":"https:\/\/api.w.org\/{rel}","templated":true}]}}