{"id":7337,"date":"2022-01-11T15:07:12","date_gmt":"2022-01-11T12:07:12","guid":{"rendered":"http:\/\/emreerdemoglu.com\/?post_type=product&#038;p=7337"},"modified":"2024-02-12T14:38:46","modified_gmt":"2024-02-12T11:38:46","slug":"lacivert-citcit-dugmeli-shirt-jacket","status":"publish","type":"product","link":"http:\/\/emreerdemoglu.com\/index.php\/product\/lacivert-citcit-dugmeli-shirt-jacket\/","title":{"rendered":"Lacivert \u00c7\u0131t\u00e7\u0131t D\u00fc\u011fmeli Shirt Jacket"},"content":{"rendered":"<ul>\n<li>Renk: Lacivert<\/li>\n<li>%43 Virgin Wool % 57 Poly<\/li>\n<\/ul>\n","protected":false},"excerpt":{"rendered":"<ul>\n<li>Renk: Lacivert<\/li>\n<li>%43 Virgin Wool % 57 Poly<\/li>\n<\/ul>\n","protected":false},"featured_media":7343,"comment_status":"open","ping_status":"closed","template":"","meta":[],"product_cat":[225,294],"product_tag":[],"_links":{"self":[{"href":"http:\/\/emreerdemoglu.com\/index.php\/wp-json\/wp\/v2\/product\/7337"}],"collection":[{"href":"http:\/\/emreerdemoglu.com\/index.php\/wp-json\/wp\/v2\/product"}],"about":[{"href":"http:\/\/emreerdemoglu.com\/index.php\/wp-json\/wp\/v2\/types\/product"}],"replies":[{"embeddable":true,"href":"http:\/\/emreerdemoglu.com\/index.php\/wp-json\/wp\/v2\/comments?post=7337"}],"wp:featuredmedia":[{"embeddable":true,"href":"http:\/\/emreerdemoglu.com\/index.php\/wp-json\/wp\/v2\/media\/7343"}],"wp:attachment":[{"href":"http:\/\/emreerdemoglu.com\/index.php\/wp-json\/wp\/v2\/media?parent=7337"}],"wp:term":[{"taxonomy":"product_cat","embeddable":true,"href":"http:\/\/emreerdemoglu.com\/index.php\/wp-json\/wp\/v2\/product_cat?post=7337"},{"taxonomy":"product_tag","embeddable":true,"href":"http:\/\/emreerdemoglu.com\/index.php\/wp-json\/wp\/v2\/product_tag?post=7337"}],"curies":[{"name":"wp","href":"https:\/\/api.w.org\/{rel}","templated":true}]}}