{"id":4109,"date":"2020-11-18T22:33:49","date_gmt":"2020-11-18T19:33:49","guid":{"rendered":"https:\/\/emreerdemoglu.com\/?post_type=product&#038;p=4109"},"modified":"2024-02-12T14:37:58","modified_gmt":"2024-02-12T11:37:58","slug":"baskili-sal-kahverengi-sacakli","status":"publish","type":"product","link":"http:\/\/emreerdemoglu.com\/index.php\/product\/baskili-sal-kahverengi-sacakli\/","title":{"rendered":"Bask\u0131l\u0131 \u015eal ( Kahverengi Sa\u00e7akl\u0131)"},"content":{"rendered":"<ul>\n<li>Renk: mavi &#8211; desenli<\/li>\n<li>%100 Polyester<\/li>\n<\/ul>\n","protected":false},"excerpt":{"rendered":"<ul>\n<li>Renk: mavi &#8211; desenli<\/li>\n<li>%100 Polyester<\/li>\n<\/ul>\n","protected":false},"featured_media":4039,"comment_status":"open","ping_status":"closed","template":"","meta":[],"product_cat":[238],"product_tag":[],"_links":{"self":[{"href":"http:\/\/emreerdemoglu.com\/index.php\/wp-json\/wp\/v2\/product\/4109"}],"collection":[{"href":"http:\/\/emreerdemoglu.com\/index.php\/wp-json\/wp\/v2\/product"}],"about":[{"href":"http:\/\/emreerdemoglu.com\/index.php\/wp-json\/wp\/v2\/types\/product"}],"replies":[{"embeddable":true,"href":"http:\/\/emreerdemoglu.com\/index.php\/wp-json\/wp\/v2\/comments?post=4109"}],"wp:featuredmedia":[{"embeddable":true,"href":"http:\/\/emreerdemoglu.com\/index.php\/wp-json\/wp\/v2\/media\/4039"}],"wp:attachment":[{"href":"http:\/\/emreerdemoglu.com\/index.php\/wp-json\/wp\/v2\/media?parent=4109"}],"wp:term":[{"taxonomy":"product_cat","embeddable":true,"href":"http:\/\/emreerdemoglu.com\/index.php\/wp-json\/wp\/v2\/product_cat?post=4109"},{"taxonomy":"product_tag","embeddable":true,"href":"http:\/\/emreerdemoglu.com\/index.php\/wp-json\/wp\/v2\/product_tag?post=4109"}],"curies":[{"name":"wp","href":"https:\/\/api.w.org\/{rel}","templated":true}]}}