{"id":4048,"date":"2020-11-14T14:23:25","date_gmt":"2020-11-14T11:23:25","guid":{"rendered":"https:\/\/emreerdemoglu.com\/?post_type=product&#038;p=4048"},"modified":"2024-02-12T14:38:03","modified_gmt":"2024-02-12T11:38:03","slug":"mavi-military-takim-elbise","status":"publish","type":"product","link":"http:\/\/emreerdemoglu.com\/index.php\/product\/mavi-military-takim-elbise\/","title":{"rendered":"Mavi Military Tak\u0131m Elbise"},"content":{"rendered":"<p>D\u00f6rt kapakl\u0131 cepli, d\u00fcz kapama<\/p>\n<p>Renk: Mavi<\/p>\n<p>%100 Y\u00fcn<\/p>\n<p>Sadece Kuru temizleme<\/p>\n","protected":false},"excerpt":{"rendered":"<p>D\u00f6rt kapakl\u0131 cepli, d\u00fcz kapama<\/p>\n<p>Renk: Mavi<\/p>\n<p>%100 Y\u00fcn<\/p>\n<p>Sadece Kuru temizleme<\/p>\n","protected":false},"featured_media":4049,"comment_status":"open","ping_status":"closed","template":"","meta":[],"product_cat":[238],"product_tag":[],"_links":{"self":[{"href":"http:\/\/emreerdemoglu.com\/index.php\/wp-json\/wp\/v2\/product\/4048"}],"collection":[{"href":"http:\/\/emreerdemoglu.com\/index.php\/wp-json\/wp\/v2\/product"}],"about":[{"href":"http:\/\/emreerdemoglu.com\/index.php\/wp-json\/wp\/v2\/types\/product"}],"replies":[{"embeddable":true,"href":"http:\/\/emreerdemoglu.com\/index.php\/wp-json\/wp\/v2\/comments?post=4048"}],"wp:featuredmedia":[{"embeddable":true,"href":"http:\/\/emreerdemoglu.com\/index.php\/wp-json\/wp\/v2\/media\/4049"}],"wp:attachment":[{"href":"http:\/\/emreerdemoglu.com\/index.php\/wp-json\/wp\/v2\/media?parent=4048"}],"wp:term":[{"taxonomy":"product_cat","embeddable":true,"href":"http:\/\/emreerdemoglu.com\/index.php\/wp-json\/wp\/v2\/product_cat?post=4048"},{"taxonomy":"product_tag","embeddable":true,"href":"http:\/\/emreerdemoglu.com\/index.php\/wp-json\/wp\/v2\/product_tag?post=4048"}],"curies":[{"name":"wp","href":"https:\/\/api.w.org\/{rel}","templated":true}]}}