{"id":3964,"date":"2020-08-05T22:43:04","date_gmt":"2020-08-05T19:43:04","guid":{"rendered":"https:\/\/emreerdemoglu.com\/?post_type=product&#038;p=3964"},"modified":"2024-02-12T14:37:55","modified_gmt":"2024-02-12T11:37:55","slug":"sirti-puskullu-deri-ceket","status":"publish","type":"product","link":"http:\/\/emreerdemoglu.com\/index.php\/product\/sirti-puskullu-deri-ceket\/","title":{"rendered":"S\u0131rt\u0131 P\u00fcsk\u00fcll\u00fc Deri Ceket"},"content":{"rendered":"<ul>\n<li>%100 Deri<\/li>\n<li>Renk : Petrol Mavi<\/li>\n<\/ul>\n","protected":false},"excerpt":{"rendered":"<ul>\n<li>%100 Deri<\/li>\n<li>Renk : Petrol Mavi<\/li>\n<\/ul>\n","protected":false},"featured_media":0,"comment_status":"open","ping_status":"closed","template":"","meta":[],"product_cat":[224,225],"product_tag":[],"_links":{"self":[{"href":"http:\/\/emreerdemoglu.com\/index.php\/wp-json\/wp\/v2\/product\/3964"}],"collection":[{"href":"http:\/\/emreerdemoglu.com\/index.php\/wp-json\/wp\/v2\/product"}],"about":[{"href":"http:\/\/emreerdemoglu.com\/index.php\/wp-json\/wp\/v2\/types\/product"}],"replies":[{"embeddable":true,"href":"http:\/\/emreerdemoglu.com\/index.php\/wp-json\/wp\/v2\/comments?post=3964"}],"wp:attachment":[{"href":"http:\/\/emreerdemoglu.com\/index.php\/wp-json\/wp\/v2\/media?parent=3964"}],"wp:term":[{"taxonomy":"product_cat","embeddable":true,"href":"http:\/\/emreerdemoglu.com\/index.php\/wp-json\/wp\/v2\/product_cat?post=3964"},{"taxonomy":"product_tag","embeddable":true,"href":"http:\/\/emreerdemoglu.com\/index.php\/wp-json\/wp\/v2\/product_tag?post=3964"}],"curies":[{"name":"wp","href":"https:\/\/api.w.org\/{rel}","templated":true}]}}