{"id":3958,"date":"2020-08-05T22:38:05","date_gmt":"2020-08-05T19:38:05","guid":{"rendered":"https:\/\/emreerdemoglu.com\/?post_type=product&#038;p=3958"},"modified":"2024-02-12T14:37:55","modified_gmt":"2024-02-12T11:37:55","slug":"yakasi-kurklu-biker-deri-ceket","status":"publish","type":"product","link":"http:\/\/emreerdemoglu.com\/index.php\/product\/yakasi-kurklu-biker-deri-ceket\/","title":{"rendered":"Yakas\u0131 K\u00fcrkl\u00fc Biker Deri Ceket"},"content":{"rendered":"<ul>\n<li>%100 Deri<\/li>\n<li>Renk : Turuncu<\/li>\n<\/ul>\n","protected":false},"excerpt":{"rendered":"<ul>\n<li>%100 Deri<\/li>\n<li>Renk : Turuncu<\/li>\n<\/ul>\n","protected":false},"featured_media":3962,"comment_status":"open","ping_status":"closed","template":"","meta":[],"product_cat":[224,225],"product_tag":[],"_links":{"self":[{"href":"http:\/\/emreerdemoglu.com\/index.php\/wp-json\/wp\/v2\/product\/3958"}],"collection":[{"href":"http:\/\/emreerdemoglu.com\/index.php\/wp-json\/wp\/v2\/product"}],"about":[{"href":"http:\/\/emreerdemoglu.com\/index.php\/wp-json\/wp\/v2\/types\/product"}],"replies":[{"embeddable":true,"href":"http:\/\/emreerdemoglu.com\/index.php\/wp-json\/wp\/v2\/comments?post=3958"}],"wp:featuredmedia":[{"embeddable":true,"href":"http:\/\/emreerdemoglu.com\/index.php\/wp-json\/wp\/v2\/media\/3962"}],"wp:attachment":[{"href":"http:\/\/emreerdemoglu.com\/index.php\/wp-json\/wp\/v2\/media?parent=3958"}],"wp:term":[{"taxonomy":"product_cat","embeddable":true,"href":"http:\/\/emreerdemoglu.com\/index.php\/wp-json\/wp\/v2\/product_cat?post=3958"},{"taxonomy":"product_tag","embeddable":true,"href":"http:\/\/emreerdemoglu.com\/index.php\/wp-json\/wp\/v2\/product_tag?post=3958"}],"curies":[{"name":"wp","href":"https:\/\/api.w.org\/{rel}","templated":true}]}}