{"id":3865,"date":"2020-08-04T22:25:20","date_gmt":"2020-08-04T19:25:20","guid":{"rendered":"https:\/\/emreerdemoglu.com\/?post_type=product&#038;p=3865"},"modified":"2024-02-12T14:37:46","modified_gmt":"2024-02-12T11:37:46","slug":"kus-baskili-scuba-bomber-mont","status":"publish","type":"product","link":"http:\/\/emreerdemoglu.com\/index.php\/product\/kus-baskili-scuba-bomber-mont\/","title":{"rendered":"Ku\u015f Bask\u0131l\u0131 Scuba Bomber Mont"},"content":{"rendered":"<ul>\n<li>%100 Poly<\/li>\n<li>Renk : Bej Rengi<\/li>\n<\/ul>\n","protected":false},"excerpt":{"rendered":"<ul>\n<li>%100 Poly<\/li>\n<li>Renk : Bej Rengi<\/li>\n<\/ul>\n","protected":false},"featured_media":3868,"comment_status":"open","ping_status":"closed","template":"","meta":[],"product_cat":[224,229],"product_tag":[],"_links":{"self":[{"href":"http:\/\/emreerdemoglu.com\/index.php\/wp-json\/wp\/v2\/product\/3865"}],"collection":[{"href":"http:\/\/emreerdemoglu.com\/index.php\/wp-json\/wp\/v2\/product"}],"about":[{"href":"http:\/\/emreerdemoglu.com\/index.php\/wp-json\/wp\/v2\/types\/product"}],"replies":[{"embeddable":true,"href":"http:\/\/emreerdemoglu.com\/index.php\/wp-json\/wp\/v2\/comments?post=3865"}],"wp:featuredmedia":[{"embeddable":true,"href":"http:\/\/emreerdemoglu.com\/index.php\/wp-json\/wp\/v2\/media\/3868"}],"wp:attachment":[{"href":"http:\/\/emreerdemoglu.com\/index.php\/wp-json\/wp\/v2\/media?parent=3865"}],"wp:term":[{"taxonomy":"product_cat","embeddable":true,"href":"http:\/\/emreerdemoglu.com\/index.php\/wp-json\/wp\/v2\/product_cat?post=3865"},{"taxonomy":"product_tag","embeddable":true,"href":"http:\/\/emreerdemoglu.com\/index.php\/wp-json\/wp\/v2\/product_tag?post=3865"}],"curies":[{"name":"wp","href":"https:\/\/api.w.org\/{rel}","templated":true}]}}