{"id":3690,"date":"2020-07-21T18:25:50","date_gmt":"2020-07-21T15:25:50","guid":{"rendered":"https:\/\/emreerdemoglu.com\/?post_type=product&#038;p=3690"},"modified":"2024-02-12T14:37:38","modified_gmt":"2024-02-12T11:37:38","slug":"fitilli-kadife-takim-elbise-2","status":"publish","type":"product","link":"http:\/\/emreerdemoglu.com\/index.php\/product\/fitilli-kadife-takim-elbise-2\/","title":{"rendered":"Fitilli Kadife Tak\u0131m Elbise"},"content":{"rendered":"<ul>\n<li>%100 Cotton<\/li>\n<li>Kruvaze Kapama<\/li>\n<li>\u00c7\u0131t\u00e7\u0131t D\u00fc\u011fmeli<\/li>\n<li>Sivri Yaka<\/li>\n<li>Renk : Turuncu<\/li>\n<li>Par\u00e7a Boya<\/li>\n<\/ul>\n","protected":false},"excerpt":{"rendered":"<ul>\n<li>%100 Cotton<\/li>\n<li>Kruvaze Kapama<\/li>\n<li>\u00c7\u0131t\u00e7\u0131t D\u00fc\u011fmeli<\/li>\n<li>Sivri Yaka<\/li>\n<li>Renk : Turuncu<\/li>\n<li>Par\u00e7a Boya<\/li>\n<\/ul>\n","protected":false},"featured_media":3693,"comment_status":"open","ping_status":"closed","template":"","meta":[],"product_cat":[202],"product_tag":[],"_links":{"self":[{"href":"http:\/\/emreerdemoglu.com\/index.php\/wp-json\/wp\/v2\/product\/3690"}],"collection":[{"href":"http:\/\/emreerdemoglu.com\/index.php\/wp-json\/wp\/v2\/product"}],"about":[{"href":"http:\/\/emreerdemoglu.com\/index.php\/wp-json\/wp\/v2\/types\/product"}],"replies":[{"embeddable":true,"href":"http:\/\/emreerdemoglu.com\/index.php\/wp-json\/wp\/v2\/comments?post=3690"}],"wp:featuredmedia":[{"embeddable":true,"href":"http:\/\/emreerdemoglu.com\/index.php\/wp-json\/wp\/v2\/media\/3693"}],"wp:attachment":[{"href":"http:\/\/emreerdemoglu.com\/index.php\/wp-json\/wp\/v2\/media?parent=3690"}],"wp:term":[{"taxonomy":"product_cat","embeddable":true,"href":"http:\/\/emreerdemoglu.com\/index.php\/wp-json\/wp\/v2\/product_cat?post=3690"},{"taxonomy":"product_tag","embeddable":true,"href":"http:\/\/emreerdemoglu.com\/index.php\/wp-json\/wp\/v2\/product_tag?post=3690"}],"curies":[{"name":"wp","href":"https:\/\/api.w.org\/{rel}","templated":true}]}}