{"id":3516,"date":"2020-07-19T19:16:26","date_gmt":"2020-07-19T16:16:26","guid":{"rendered":"https:\/\/emreerdemoglu.com\/?post_type=product&#038;p=3516"},"modified":"2024-03-02T18:50:55","modified_gmt":"2024-03-02T15:50:55","slug":"klasor-21-4","status":"publish","type":"product","link":"http:\/\/emreerdemoglu.com\/index.php\/product\/klasor-21-4\/","title":{"rendered":"Mavi Bask\u0131l\u0131 \u015eal"},"content":{"rendered":"<ul>\n<li>%100 Polyester<\/li>\n<li>Renk: Mavi<\/li>\n<\/ul>\n","protected":false},"excerpt":{"rendered":"<ul>\n<li>%100 Polyester<\/li>\n<li>Renk: Mavi<\/li>\n<\/ul>\n","protected":false},"featured_media":3520,"comment_status":"open","ping_status":"closed","template":"","meta":[],"product_cat":[215],"product_tag":[],"_links":{"self":[{"href":"http:\/\/emreerdemoglu.com\/index.php\/wp-json\/wp\/v2\/product\/3516"}],"collection":[{"href":"http:\/\/emreerdemoglu.com\/index.php\/wp-json\/wp\/v2\/product"}],"about":[{"href":"http:\/\/emreerdemoglu.com\/index.php\/wp-json\/wp\/v2\/types\/product"}],"replies":[{"embeddable":true,"href":"http:\/\/emreerdemoglu.com\/index.php\/wp-json\/wp\/v2\/comments?post=3516"}],"wp:featuredmedia":[{"embeddable":true,"href":"http:\/\/emreerdemoglu.com\/index.php\/wp-json\/wp\/v2\/media\/3520"}],"wp:attachment":[{"href":"http:\/\/emreerdemoglu.com\/index.php\/wp-json\/wp\/v2\/media?parent=3516"}],"wp:term":[{"taxonomy":"product_cat","embeddable":true,"href":"http:\/\/emreerdemoglu.com\/index.php\/wp-json\/wp\/v2\/product_cat?post=3516"},{"taxonomy":"product_tag","embeddable":true,"href":"http:\/\/emreerdemoglu.com\/index.php\/wp-json\/wp\/v2\/product_tag?post=3516"}],"curies":[{"name":"wp","href":"https:\/\/api.w.org\/{rel}","templated":true}]}}